{"id":1779,"date":"2023-01-31T15:04:29","date_gmt":"2023-01-31T15:04:29","guid":{"rendered":"https:\/\/www.hotel-sete.com\/cookies\/"},"modified":"2025-09-27T09:22:35","modified_gmt":"2025-09-27T09:22:35","slug":"cookies","status":"publish","type":"page","link":"https:\/\/www.hotel-sete.com\/en\/cookies\/","title":{"rendered":"Cookies"},"content":{"rendered":"\t\t<div data-elementor-type=\"wp-page\" data-elementor-id=\"1779\" class=\"elementor elementor-1779 elementor-1613\">\n\t\t\t\t\t\t\t\t\t<section class=\"elementor-section elementor-top-section elementor-element elementor-element-93f72fb elementor-section-full_width elementor-section-height-default elementor-section-height-default\" data-id=\"93f72fb\" data-element_type=\"section\" data-settings=\"{&quot;background_background&quot;:&quot;classic&quot;,&quot;background_motion_fx_motion_fx_scrolling&quot;:&quot;yes&quot;,&quot;background_motion_fx_translateY_effect&quot;:&quot;yes&quot;,&quot;background_motion_fx_translateY_speed&quot;:{&quot;unit&quot;:&quot;px&quot;,&quot;size&quot;:4,&quot;sizes&quot;:[]},&quot;background_motion_fx_translateY_affectedRange&quot;:{&quot;unit&quot;:&quot;%&quot;,&quot;size&quot;:&quot;&quot;,&quot;sizes&quot;:{&quot;start&quot;:0,&quot;end&quot;:100}},&quot;background_motion_fx_devices&quot;:[&quot;desktop&quot;,&quot;tablet&quot;,&quot;mobile&quot;]}\">\n\t\t\t\t\t\t\t<div class=\"elementor-background-overlay\"><\/div>\n\t\t\t\t\t\t\t<div class=\"elementor-container elementor-column-gap-default\">\n\t\t\t\t\t<div class=\"elementor-column elementor-col-33 elementor-top-column elementor-element elementor-element-12057ce elementor-hidden-tablet elementor-hidden-mobile\" data-id=\"12057ce\" data-element_type=\"column\">\n\t\t\t<div class=\"elementor-widget-wrap\">\n\t\t\t\t\t\t\t\t\t<\/div>\n\t\t<\/div>\n\t\t\t\t<div class=\"elementor-column elementor-col-33 elementor-top-column elementor-element elementor-element-e74cead\" data-id=\"e74cead\" data-element_type=\"column\">\n\t\t\t<div class=\"elementor-widget-wrap elementor-element-populated\">\n\t\t\t\t\t\t\t\t<div class=\"elementor-element elementor-element-4fd33d9 font-contralto-light elementor-widget elementor-widget-heading\" data-id=\"4fd33d9\" data-element_type=\"widget\" data-widget_type=\"heading.default\">\n\t\t\t\t<div class=\"elementor-widget-container\">\n\t\t\t<style>\/*! elementor - v3.10.2 - 29-01-2023 *\/\n.elementor-heading-title{padding:0;margin:0;line-height:1}.elementor-widget-heading .elementor-heading-title[class*=elementor-size-]>a{color:inherit;font-size:inherit;line-height:inherit}.elementor-widget-heading .elementor-heading-title.elementor-size-small{font-size:15px}.elementor-widget-heading .elementor-heading-title.elementor-size-medium{font-size:19px}.elementor-widget-heading .elementor-heading-title.elementor-size-large{font-size:29px}.elementor-widget-heading .elementor-heading-title.elementor-size-xl{font-size:39px}.elementor-widget-heading .elementor-heading-title.elementor-size-xxl{font-size:59px}<\/style><h1 class=\"elementor-heading-title elementor-size-default\">COOKIES \u2018FIND OUT MORE\u2019<\/h1>\t\t<\/div>\n\t\t\t\t<\/div>\n\t\t\t\t\t<\/div>\n\t\t<\/div>\n\t\t\t\t<div class=\"elementor-column elementor-col-33 elementor-top-column elementor-element elementor-element-ddcb0e8 elementor-hidden-tablet elementor-hidden-mobile\" data-id=\"ddcb0e8\" data-element_type=\"column\">\n\t\t\t<div class=\"elementor-widget-wrap\">\n\t\t\t\t\t\t\t\t\t<\/div>\n\t\t<\/div>\n\t\t\t\t\t\t\t<\/div>\n\t\t<\/section>\n\t\t\t\t<section class=\"elementor-section elementor-top-section elementor-element elementor-element-c3504e5 elementor-section-boxed elementor-section-height-default elementor-section-height-default\" data-id=\"c3504e5\" data-element_type=\"section\">\n\t\t\t\t\t\t<div class=\"elementor-container elementor-column-gap-default\">\n\t\t\t\t\t<div class=\"elementor-column elementor-col-100 elementor-top-column elementor-element elementor-element-824951a\" data-id=\"824951a\" data-element_type=\"column\">\n\t\t\t<div class=\"elementor-widget-wrap elementor-element-populated\">\n\t\t\t\t\t\t\t\t<div class=\"elementor-element elementor-element-b0ef467 elementor-widget elementor-widget-text-editor\" data-id=\"b0ef467\" data-element_type=\"widget\" data-widget_type=\"text-editor.default\">\n\t\t\t\t<div class=\"elementor-widget-container\">\n\t\t\t<style>\/*! elementor - v3.10.2 - 29-01-2023 *\/\n.elementor-widget-text-editor.elementor-drop-cap-view-stacked .elementor-drop-cap{background-color:#818a91;color:#fff}.elementor-widget-text-editor.elementor-drop-cap-view-framed .elementor-drop-cap{color:#818a91;border:3px solid;background-color:transparent}.elementor-widget-text-editor:not(.elementor-drop-cap-view-default) .elementor-drop-cap{margin-top:8px}.elementor-widget-text-editor:not(.elementor-drop-cap-view-default) .elementor-drop-cap-letter{width:1em;height:1em}.elementor-widget-text-editor .elementor-drop-cap{float:left;text-align:center;line-height:1;font-size:50px}.elementor-widget-text-editor .elementor-drop-cap-letter{display:inline-block}<\/style>\t\t\t\t<p><strong>D\u00e9finition d\u2019un cookie<\/strong><\/p>\n<\/p>\n<p>Les cookies sont de petits fichiers texte plac\u00e9s sur votre terminal par les sites lorsque vous naviguez sur le Web. Comme de nombreux sites Internet, nous utilisons des cookies pour nous permettre de conna\u00eetre l\u2019utilisation et ces performances et d\u2019en am\u00e9liorer le fonctionnement.<br \/>Par terminal, il est entendu : Ordinateur, Mobile ou Tablette.<\/p>\n<\/p>\n<p><strong>Diff\u00e9rents types de cookies<\/strong><\/p>\n<\/p>\n<p><strong>Cookie sp\u00e9cifique au site<\/strong><br \/>Il s\u2019agit des cookies n\u00e9cessaires au bon fonctionnement de notre site. Ils vous permettent d\u2019utiliser les principales fonctionnalit\u00e9s de notre site. Sans ces cookies, vous ne pourrez pas utiliser notre site normalement.<\/p>\n<p><strong>Cookie de suivi<\/strong><br \/>Il s\u2019agit des cookies qui nous permettent de conna\u00eetre l\u2019utilisation et les performances de notre site et d\u2019en am\u00e9liorer le fonctionnement.<\/p>\n<p><strong>Cookie tiers<br \/><\/strong>Les cookies tiers utilis\u00e9s le plus fr\u00e9quemment, par p\u00e9riode, sont g\u00e9n\u00e9ralement utilis\u00e9s par les services d\u2019analyse d\u2019audience, par diff\u00e9rents outils marketing.<br \/>Aucun cookie tiers de traceur publicitaire n\u2019est utilis\u00e9 sur notre site internet.<br \/>En continuant \u00e0 naviguer, vous nous autorisez \u00e0 d\u00e9poser des cookies \u00e0 des fins de mesure d\u2019audience.<\/p>\n<\/p>\n<p><strong>Accepter ou refuser les cookies<\/strong><\/p>\n<\/p>\n<p>Vous pouvez \u00e0 tout moment choisir de d\u00e9sactiver ces cookies. Votre navigateur peut \u00e9galement \u00eatre param\u00e9tr\u00e9 pour vous signaler les cookies qui sont d\u00e9pos\u00e9s dans votre terminal et vous demander de les accepter ou non. Vous pouvez accepter ou refuser les cookies au cas par cas ou bien les refuser syst\u00e9matiquement une fois pour toutes.<br \/>Nous vous rappelons que le param\u00e9trage est susceptible de modifier vos conditions d\u2019acc\u00e8s \u00e0 nos services n\u00e9cessitant l\u2019utilisation de cookies.<br \/>Si votre navigateur est configur\u00e9 de mani\u00e8re \u00e0 refuser l\u2019ensemble des cookies, vous ne pourrez pas profiter de fonctions essentielles de notre site. Afin de choisir les cookies au plus pr\u00e8s de vos attentes nous vous invitons \u00e0 param\u00e9trer votre navigateur.<\/p>\n<\/p>\n<p><strong>Param\u00e9trage de votre Navigateur :<\/strong><\/p>\n<\/p>\n<p>La configuration de chaque navigateur est diff\u00e9rente. Elle est d\u00e9crite dans le menu d\u2019aide de votre navigateur, qui vous permettra de savoir de quelle mani\u00e8re modifier vos souhaits en mati\u00e8re de cookies.<br \/>Vous pouvez d\u00e9sactiver les cookies en suivant les instructions comme suit :<\/p>\n<\/p>\n<p><strong>Si vous utilisez le navigateur Internet Explorer<\/strong><br \/>Dans Internet Explorer, cliquez sur le bouton Outils, puis sur Options Internet.<br \/>Sous l\u2019onglet G\u00e9n\u00e9ral, sous Historique de navigation, cliquez sur Param\u00e8tres.<br \/>Cliquez sur le bouton Afficher les fichiers.<br \/>Cliquez sur l\u2019en-t\u00eate de colonne Nom pour trier tous les fichiers dans l\u2019ordre alphab\u00e9tique, puis parcourez la liste jusqu\u2019\u00e0 visualisez des fichiers avec le pr\u00e9fixe \u00ab Cookie \u00bb. Tous les cookies poss\u00e9dant ce pr\u00e9fixe contiennent habituellement le nom du site Internet qui a cr\u00e9\u00e9 le cookie.<br \/>S\u00e9lectionnez le ou les cookies portant notre Nom de domaine et supprimez-les.<br \/>Fermez la fen\u00eatre qui contient la liste des fichiers, puis cliquez deux fois sur OK pour retourner dans Internet Explorer.<\/p>\n<\/p>\n<p><strong>Si vous utilisez le navigateur Firefox<\/strong><br \/>Allez dans l\u2019onglet \u00bb Outils \u00ab du navigateur puis s\u00e9lectionnez le menu \u00bb Options \u00ab<br \/>Dans la fen\u00eatre qui s\u2019affiche, choisissez \u00bb Vie priv\u00e9e \u00ab et cliquez sur \u00bb Affichez les cookies.<br \/>S\u00e9lectionnez le ou les cookies portant notre Nom de domaine et supprimez-les<\/p>\n<\/p>\n<p><strong>Si vous utilisez le navigateur Safari<\/strong><br \/>Dans votre navigateur, choisissez le menu \u00c9dition &gt; Pr\u00e9f\u00e9rences.<br \/>Cliquez sur S\u00e9curit\u00e9.<br \/>Cliquez sur Afficher les cookies.<br \/>S\u00e9lectionnez le ou les cookies portant notre Nom de domaine et cliquez sur Effacer ou sur Tout effacer. Apr\u00e8s avoir supprim\u00e9 les cookies, cliquez sur Termin\u00e9.<\/p>\n<p><strong>Si vous utilisez le navigateur Google Chrome<\/strong><br \/>Cliquez sur l\u2019ic\u00f4ne du menu Outils.<br \/>S\u00e9lectionnez Options.<br \/>Cliquez sur l\u2019onglet Options avanc\u00e9es et acc\u00e9dez \u00e0 la section \u00ab Confidentialit\u00e9 \u00bb.<br \/>Cliquez sur le bouton Afficher les cookies.<br \/>S\u00e9lectionnez le ou les cookies portant notre Nom de domaine et supprimez-les.<br \/>Cliquez sur \u00bb Fermer \u00ab pour revenir \u00e0 votre navigateur.<\/p>\n<\/p>\n<p><strong>Boutons de partage vers les r\u00e9seaux sociaux<\/strong><\/p>\n<\/p>\n<p>Notre site Internet peut utiliser des applications informatiques \u00e9manant de tiers, qui vous permettent de partager des contenus du site avec d\u2019autres personnes ou de faire conna\u00eetre \u00e0 ces autres personnes votre consultation ou votre opinion concernant un contenu de notre site.<br \/>Exemple : Les boutons \u00ab Partager \u00bb issus de r\u00e9seaux sociaux tels que \u00ab Facebook \u00bb, \u00ab Twitter \u00bb, etc \u2026<br \/>En savoir plus sur les cookies sur le site de la CNIL :<a href=\"http:\/\/www.cnil.fr\/vos-droits\/vos-traces\/les-cookies\/\" target=\"_blank\" rel=\"noopener\"> http:\/\/www.cnil.fr\/vos-droits\/vos-traces\/les-cookies\/<\/a><\/p>\n\t\t\t\t\t\t<\/div>\n\t\t\t\t<\/div>\n\t\t\t\t\t<\/div>\n\t\t<\/div>\n\t\t\t\t\t\t\t<\/div>\n\t\t<\/section>\n\t\t\t\t\t\t\t<\/div>\n\t\t","protected":false},"excerpt":{"rendered":"<p>COOKIES \u2018FIND OUT MORE\u2019 D\u00e9finition d\u2019un cookie Les cookies sont de petits fichiers texte plac\u00e9s sur votre terminal par les sites lorsque vous naviguez sur le Web. Comme de nombreux sites Internet, nous utilisons des cookies pour nous permettre de conna\u00eetre l\u2019utilisation et ces performances et d\u2019en am\u00e9liorer le fonctionnement. Par terminal, il est entendu [&hellip;]<\/p>\n","protected":false},"author":1,"featured_media":0,"parent":0,"menu_order":0,"comment_status":"closed","ping_status":"closed","template":"elementor_header_footer","meta":{"_themeisle_gutenberg_block_has_review":false},"yoast_head":"<!-- This site is optimized with the Yoast SEO plugin v20.0 - https:\/\/yoast.com\/wordpress\/plugins\/seo\/ -->\n<title>Cookies to find out more - Hotel Venezia<\/title>\n<meta name=\"description\" content=\"Cookies page to find out more, of the Venezia hotel in the H\u00e9rault in S\u00e8te.\" \/>\n<meta name=\"robots\" content=\"index, follow, max-snippet:-1, max-image-preview:large, max-video-preview:-1\" \/>\n<link rel=\"canonical\" href=\"https:\/\/www.hotel-sete.com\/en\/cookies\/\" \/>\n<meta property=\"og:locale\" content=\"en_US\" \/>\n<meta property=\"og:type\" content=\"article\" \/>\n<meta property=\"og:title\" content=\"Cookies to find out more - Hotel Venezia\" \/>\n<meta property=\"og:description\" content=\"Cookies page to find out more, of the Venezia hotel in the H\u00e9rault in S\u00e8te.\" \/>\n<meta property=\"og:url\" content=\"https:\/\/www.hotel-sete.com\/en\/cookies\/\" \/>\n<meta property=\"og:site_name\" content=\"hotel-sete.com\" \/>\n<meta property=\"article:modified_time\" content=\"2025-09-27T09:22:35+00:00\" \/>\n<meta name=\"twitter:card\" content=\"summary_large_image\" \/>\n<meta name=\"twitter:label1\" content=\"Est. reading time\" \/>\n\t<meta name=\"twitter:data1\" content=\"4 minutes\" \/>\n<script type=\"application\/ld+json\" class=\"yoast-schema-graph\">{\"@context\":\"https:\/\/schema.org\",\"@graph\":[{\"@type\":\"WebPage\",\"@id\":\"https:\/\/www.hotel-sete.com\/en\/cookies\/\",\"url\":\"https:\/\/www.hotel-sete.com\/en\/cookies\/\",\"name\":\"Cookies to find out more - Hotel Venezia\",\"isPartOf\":{\"@id\":\"https:\/\/www.hotel-sete.com\/en\/#website\"},\"datePublished\":\"2023-01-31T15:04:29+00:00\",\"dateModified\":\"2025-09-27T09:22:35+00:00\",\"description\":\"Cookies page to find out more, of the Venezia hotel in the H\u00e9rault in S\u00e8te.\",\"breadcrumb\":{\"@id\":\"https:\/\/www.hotel-sete.com\/en\/cookies\/#breadcrumb\"},\"inLanguage\":\"en-US\",\"potentialAction\":[{\"@type\":\"ReadAction\",\"target\":[\"https:\/\/www.hotel-sete.com\/en\/cookies\/\"]}]},{\"@type\":\"BreadcrumbList\",\"@id\":\"https:\/\/www.hotel-sete.com\/en\/cookies\/#breadcrumb\",\"itemListElement\":[{\"@type\":\"ListItem\",\"position\":1,\"name\":\"Accueil\",\"item\":\"https:\/\/www.hotel-sete.com\/en\/\"},{\"@type\":\"ListItem\",\"position\":2,\"name\":\"Cookies\"}]},{\"@type\":\"WebSite\",\"@id\":\"https:\/\/www.hotel-sete.com\/en\/#website\",\"url\":\"https:\/\/www.hotel-sete.com\/en\/\",\"name\":\"Hotel Venezia\",\"description\":\"\",\"publisher\":{\"@id\":\"https:\/\/www.hotel-sete.com\/en\/#organization\"},\"potentialAction\":[{\"@type\":\"SearchAction\",\"target\":{\"@type\":\"EntryPoint\",\"urlTemplate\":\"https:\/\/www.hotel-sete.com\/en\/?s={search_term_string}\"},\"query-input\":\"required name=search_term_string\"}],\"inLanguage\":\"en-US\"},{\"@type\":\"Organization\",\"@id\":\"https:\/\/www.hotel-sete.com\/en\/#organization\",\"name\":\"Hotel Venezia - H\u00f4tel \u00e0 S\u00e8te\",\"alternateName\":\"Hotel Venezia - H\u00f4tel \u00e0 S\u00e8te\",\"url\":\"https:\/\/www.hotel-sete.com\/en\/\",\"logo\":{\"@type\":\"ImageObject\",\"inLanguage\":\"en-US\",\"@id\":\"https:\/\/www.hotel-sete.com\/en\/#\/schema\/logo\/image\/\",\"url\":\"https:\/\/www.hotel-sete.com\/wp-content\/uploads\/2023\/01\/favicon-02.png\",\"contentUrl\":\"https:\/\/www.hotel-sete.com\/wp-content\/uploads\/2023\/01\/favicon-02.png\",\"width\":63,\"height\":62,\"caption\":\"Hotel Venezia - H\u00f4tel \u00e0 S\u00e8te\"},\"image\":{\"@id\":\"https:\/\/www.hotel-sete.com\/en\/#\/schema\/logo\/image\/\"}}]}<\/script>\n<!-- \/ Yoast SEO plugin. -->","yoast_head_json":{"title":"Cookies to find out more - Hotel Venezia","description":"Cookies page to find out more, of the Venezia hotel in the H\u00e9rault in S\u00e8te.","robots":{"index":"index","follow":"follow","max-snippet":"max-snippet:-1","max-image-preview":"max-image-preview:large","max-video-preview":"max-video-preview:-1"},"canonical":"https:\/\/www.hotel-sete.com\/en\/cookies\/","og_locale":"en_US","og_type":"article","og_title":"Cookies to find out more - Hotel Venezia","og_description":"Cookies page to find out more, of the Venezia hotel in the H\u00e9rault in S\u00e8te.","og_url":"https:\/\/www.hotel-sete.com\/en\/cookies\/","og_site_name":"hotel-sete.com","article_modified_time":"2025-09-27T09:22:35+00:00","twitter_card":"summary_large_image","twitter_misc":{"Est. reading time":"4 minutes"},"schema":{"@context":"https:\/\/schema.org","@graph":[{"@type":"WebPage","@id":"https:\/\/www.hotel-sete.com\/en\/cookies\/","url":"https:\/\/www.hotel-sete.com\/en\/cookies\/","name":"Cookies to find out more - Hotel Venezia","isPartOf":{"@id":"https:\/\/www.hotel-sete.com\/en\/#website"},"datePublished":"2023-01-31T15:04:29+00:00","dateModified":"2025-09-27T09:22:35+00:00","description":"Cookies page to find out more, of the Venezia hotel in the H\u00e9rault in S\u00e8te.","breadcrumb":{"@id":"https:\/\/www.hotel-sete.com\/en\/cookies\/#breadcrumb"},"inLanguage":"en-US","potentialAction":[{"@type":"ReadAction","target":["https:\/\/www.hotel-sete.com\/en\/cookies\/"]}]},{"@type":"BreadcrumbList","@id":"https:\/\/www.hotel-sete.com\/en\/cookies\/#breadcrumb","itemListElement":[{"@type":"ListItem","position":1,"name":"Accueil","item":"https:\/\/www.hotel-sete.com\/en\/"},{"@type":"ListItem","position":2,"name":"Cookies"}]},{"@type":"WebSite","@id":"https:\/\/www.hotel-sete.com\/en\/#website","url":"https:\/\/www.hotel-sete.com\/en\/","name":"Hotel Venezia","description":"","publisher":{"@id":"https:\/\/www.hotel-sete.com\/en\/#organization"},"potentialAction":[{"@type":"SearchAction","target":{"@type":"EntryPoint","urlTemplate":"https:\/\/www.hotel-sete.com\/en\/?s={search_term_string}"},"query-input":"required name=search_term_string"}],"inLanguage":"en-US"},{"@type":"Organization","@id":"https:\/\/www.hotel-sete.com\/en\/#organization","name":"Hotel Venezia - H\u00f4tel \u00e0 S\u00e8te","alternateName":"Hotel Venezia - H\u00f4tel \u00e0 S\u00e8te","url":"https:\/\/www.hotel-sete.com\/en\/","logo":{"@type":"ImageObject","inLanguage":"en-US","@id":"https:\/\/www.hotel-sete.com\/en\/#\/schema\/logo\/image\/","url":"https:\/\/www.hotel-sete.com\/wp-content\/uploads\/2023\/01\/favicon-02.png","contentUrl":"https:\/\/www.hotel-sete.com\/wp-content\/uploads\/2023\/01\/favicon-02.png","width":63,"height":62,"caption":"Hotel Venezia - H\u00f4tel \u00e0 S\u00e8te"},"image":{"@id":"https:\/\/www.hotel-sete.com\/en\/#\/schema\/logo\/image\/"}}]}},"_links":{"self":[{"href":"https:\/\/www.hotel-sete.com\/en\/wp-json\/wp\/v2\/pages\/1779"}],"collection":[{"href":"https:\/\/www.hotel-sete.com\/en\/wp-json\/wp\/v2\/pages"}],"about":[{"href":"https:\/\/www.hotel-sete.com\/en\/wp-json\/wp\/v2\/types\/page"}],"author":[{"embeddable":true,"href":"https:\/\/www.hotel-sete.com\/en\/wp-json\/wp\/v2\/users\/1"}],"replies":[{"embeddable":true,"href":"https:\/\/www.hotel-sete.com\/en\/wp-json\/wp\/v2\/comments?post=1779"}],"version-history":[{"count":6,"href":"https:\/\/www.hotel-sete.com\/en\/wp-json\/wp\/v2\/pages\/1779\/revisions"}],"predecessor-version":[{"id":2085,"href":"https:\/\/www.hotel-sete.com\/en\/wp-json\/wp\/v2\/pages\/1779\/revisions\/2085"}],"wp:attachment":[{"href":"https:\/\/www.hotel-sete.com\/en\/wp-json\/wp\/v2\/media?parent=1779"}],"curies":[{"name":"wp","href":"https:\/\/api.w.org\/{rel}","templated":true}]}}