{"id":1468,"date":"2023-01-19T13:41:11","date_gmt":"2023-01-19T13:41:11","guid":{"rendered":"https:\/\/hotel-sete.com\/contact-access\/"},"modified":"2025-09-27T08:56:01","modified_gmt":"2025-09-27T08:56:01","slug":"contact-access","status":"publish","type":"page","link":"https:\/\/www.hotel-sete.com\/en\/contact-access\/","title":{"rendered":"Contact &amp; Access"},"content":{"rendered":"\t\t<div data-elementor-type=\"wp-page\" data-elementor-id=\"1468\" class=\"elementor elementor-1468 elementor-1063\">\n\t\t\t\t\t\t\t\t\t<section class=\"elementor-section elementor-top-section elementor-element elementor-element-c0147b1 elementor-section-full_width elementor-section-height-default elementor-section-height-default\" data-id=\"c0147b1\" data-element_type=\"section\" data-settings=\"{&quot;background_background&quot;:&quot;classic&quot;,&quot;background_motion_fx_motion_fx_scrolling&quot;:&quot;yes&quot;,&quot;background_motion_fx_translateY_effect&quot;:&quot;yes&quot;,&quot;background_motion_fx_translateY_speed&quot;:{&quot;unit&quot;:&quot;px&quot;,&quot;size&quot;:4,&quot;sizes&quot;:[]},&quot;background_motion_fx_translateY_affectedRange&quot;:{&quot;unit&quot;:&quot;%&quot;,&quot;size&quot;:&quot;&quot;,&quot;sizes&quot;:{&quot;start&quot;:0,&quot;end&quot;:100}},&quot;background_motion_fx_devices&quot;:[&quot;desktop&quot;,&quot;tablet&quot;,&quot;mobile&quot;]}\">\n\t\t\t\t\t\t\t<div class=\"elementor-background-overlay\"><\/div>\n\t\t\t\t\t\t\t<div class=\"elementor-container elementor-column-gap-default\">\n\t\t\t\t\t<div class=\"elementor-column elementor-col-33 elementor-top-column elementor-element elementor-element-711b77f elementor-hidden-tablet elementor-hidden-mobile\" data-id=\"711b77f\" data-element_type=\"column\">\n\t\t\t<div class=\"elementor-widget-wrap\">\n\t\t\t\t\t\t\t\t\t<\/div>\n\t\t<\/div>\n\t\t\t\t<div class=\"elementor-column elementor-col-33 elementor-top-column elementor-element elementor-element-3e70f6f\" data-id=\"3e70f6f\" data-element_type=\"column\">\n\t\t\t<div class=\"elementor-widget-wrap elementor-element-populated\">\n\t\t\t\t\t\t\t\t<div class=\"elementor-element elementor-element-ce27602 font-contralto-light elementor-widget elementor-widget-heading\" data-id=\"ce27602\" data-element_type=\"widget\" data-widget_type=\"heading.default\">\n\t\t\t\t<div class=\"elementor-widget-container\">\n\t\t\t<style>\/*! elementor - v3.10.2 - 29-01-2023 *\/\n.elementor-heading-title{padding:0;margin:0;line-height:1}.elementor-widget-heading .elementor-heading-title[class*=elementor-size-]>a{color:inherit;font-size:inherit;line-height:inherit}.elementor-widget-heading .elementor-heading-title.elementor-size-small{font-size:15px}.elementor-widget-heading .elementor-heading-title.elementor-size-medium{font-size:19px}.elementor-widget-heading .elementor-heading-title.elementor-size-large{font-size:29px}.elementor-widget-heading .elementor-heading-title.elementor-size-xl{font-size:39px}.elementor-widget-heading .elementor-heading-title.elementor-size-xxl{font-size:59px}<\/style><h2 class=\"elementor-heading-title elementor-size-default\">Contact &amp; Access<\/h2>\t\t<\/div>\n\t\t\t\t<\/div>\n\t\t\t\t\t<\/div>\n\t\t<\/div>\n\t\t\t\t<div class=\"elementor-column elementor-col-33 elementor-top-column elementor-element elementor-element-124fd88 elementor-hidden-tablet elementor-hidden-mobile\" data-id=\"124fd88\" data-element_type=\"column\">\n\t\t\t<div class=\"elementor-widget-wrap\">\n\t\t\t\t\t\t\t\t\t<\/div>\n\t\t<\/div>\n\t\t\t\t\t\t\t<\/div>\n\t\t<\/section>\n\t\t\t\t<section class=\"elementor-section elementor-top-section elementor-element elementor-element-82c87a3 elementor-section-boxed elementor-section-height-default elementor-section-height-default\" data-id=\"82c87a3\" data-element_type=\"section\" data-settings=\"{&quot;background_background&quot;:&quot;classic&quot;}\">\n\t\t\t\t\t\t\t<div class=\"elementor-background-overlay\"><\/div>\n\t\t\t\t\t\t\t<div class=\"elementor-container elementor-column-gap-default\">\n\t\t\t\t\t<div class=\"elementor-column elementor-col-100 elementor-top-column elementor-element elementor-element-edb6888\" data-id=\"edb6888\" data-element_type=\"column\">\n\t\t\t<div class=\"elementor-widget-wrap elementor-element-populated\">\n\t\t\t\t\t\t\t\t<section class=\"elementor-section elementor-inner-section elementor-element elementor-element-861c811 elementor-section-full_width elementor-section-height-default elementor-section-height-default\" data-id=\"861c811\" data-element_type=\"section\" data-settings=\"{&quot;background_background&quot;:&quot;classic&quot;}\">\n\t\t\t\t\t\t\t<div class=\"elementor-background-overlay\"><\/div>\n\t\t\t\t\t\t\t<div class=\"elementor-container elementor-column-gap-default\">\n\t\t\t\t\t<div class=\"elementor-column elementor-col-50 elementor-inner-column elementor-element elementor-element-5bfe1b3\" data-id=\"5bfe1b3\" data-element_type=\"column\">\n\t\t\t<div class=\"elementor-widget-wrap elementor-element-populated\">\n\t\t\t\t\t\t\t\t<div class=\"elementor-element elementor-element-1e317d1 elementor-widget__width-initial elementor-widget elementor-widget-image\" data-id=\"1e317d1\" data-element_type=\"widget\" data-widget_type=\"image.default\">\n\t\t\t\t<div class=\"elementor-widget-container\">\n\t\t\t<style>\/*! elementor - v3.10.2 - 29-01-2023 *\/\n.elementor-widget-image{text-align:center}.elementor-widget-image a{display:inline-block}.elementor-widget-image a img[src$=\".svg\"]{width:48px}.elementor-widget-image img{vertical-align:middle;display:inline-block}<\/style>\t\t\t\t\t\t\t\t\t\t\t\t<img decoding=\"async\" width=\"80\" height=\"80\" src=\"https:\/\/www.hotel-sete.com\/wp-content\/uploads\/2023\/01\/icon-localiser.png\" class=\"attachment-large size-large wp-image-1155\" alt=\"\" \/>\t\t\t\t\t\t\t\t\t\t\t\t\t\t\t<\/div>\n\t\t\t\t<\/div>\n\t\t\t\t<div class=\"elementor-element elementor-element-a1ffa37 mob-texte-sombre elementor-widget elementor-widget-heading\" data-id=\"a1ffa37\" data-element_type=\"widget\" data-widget_type=\"heading.default\">\n\t\t\t\t<div class=\"elementor-widget-container\">\n\t\t\t<h1 class=\"elementor-heading-title elementor-size-default\"> Hotel in H\u00e9rault, in S\u00e8te : Hotel Venezia<\/h1>\t\t<\/div>\n\t\t\t\t<\/div>\n\t\t\t\t<div class=\"elementor-element elementor-element-c0e8904 elementor-widget elementor-widget-html\" data-id=\"c0e8904\" data-element_type=\"widget\" data-widget_type=\"html.default\">\n\t\t\t\t<div class=\"elementor-widget-container\">\n\t\t\t<iframe src=\"https:\/\/www.google.com\/maps\/embed?pb=!1m18!1m12!1m3!1d2899.2069896151693!2d3.6682854158510496!3d43.39360288158762!2m3!1f0!2f0!3f0!3m2!1i1024!2i768!4f13.1!3m3!1m2!1s0x12b135cefb148cbb%3A0x87ed00de8ba9d959!2sH%C3%B4tel%20Venezia!5e0!3m2!1sfr!2sfr!4v1674136115127!5m2!1sfr!2sfr\" width=\"600\" height=\"450\" style=\"border:0;\" allowfullscreen=\"\" loading=\"lazy\" referrerpolicy=\"no-referrer-when-downgrade\"><\/iframe>\t\t<\/div>\n\t\t\t\t<\/div>\n\t\t\t\t<div class=\"elementor-element elementor-element-8d342e5 elementor-widget elementor-widget-text-editor\" data-id=\"8d342e5\" data-element_type=\"widget\" data-widget_type=\"text-editor.default\">\n\t\t\t\t<div class=\"elementor-widget-container\">\n\t\t\t<style>\/*! elementor - v3.10.2 - 29-01-2023 *\/\n.elementor-widget-text-editor.elementor-drop-cap-view-stacked .elementor-drop-cap{background-color:#818a91;color:#fff}.elementor-widget-text-editor.elementor-drop-cap-view-framed .elementor-drop-cap{color:#818a91;border:3px solid;background-color:transparent}.elementor-widget-text-editor:not(.elementor-drop-cap-view-default) .elementor-drop-cap{margin-top:8px}.elementor-widget-text-editor:not(.elementor-drop-cap-view-default) .elementor-drop-cap-letter{width:1em;height:1em}.elementor-widget-text-editor .elementor-drop-cap{float:left;text-align:center;line-height:1;font-size:50px}.elementor-widget-text-editor .elementor-drop-cap-letter{display:inline-block}<\/style>\t\t\t\t\t\t\t\t\t\t<\/div>\n\t\t\t\t<\/div>\n\t\t\t\t\t<\/div>\n\t\t<\/div>\n\t\t\t\t<div class=\"elementor-column elementor-col-50 elementor-inner-column elementor-element elementor-element-f967c3a\" data-id=\"f967c3a\" data-element_type=\"column\" data-settings=\"{&quot;background_background&quot;:&quot;classic&quot;}\">\n\t\t\t<div class=\"elementor-widget-wrap elementor-element-populated\">\n\t\t\t\t\t\t\t\t<div class=\"elementor-element elementor-element-240580a elementor-widget elementor-widget-shortcode\" data-id=\"240580a\" data-element_type=\"widget\" data-widget_type=\"shortcode.default\">\n\t\t\t\t<div class=\"elementor-widget-container\">\n\t\t\t\t\t<div class=\"elementor-shortcode\">\n<div class=\"wpcf7 no-js\" id=\"wpcf7-f1571-o1\" lang=\"en-US\" dir=\"ltr\">\n<div class=\"screen-reader-response\"><p role=\"status\" aria-live=\"polite\" aria-atomic=\"true\"><\/p> <ul><\/ul><\/div>\n<form action=\"\/en\/wp-json\/wp\/v2\/pages\/1468#wpcf7-f1571-o1\" method=\"post\" class=\"wpcf7-form init\" aria-label=\"Contact form\" novalidate=\"novalidate\" data-status=\"init\">\n<div style=\"display: none;\">\n<input type=\"hidden\" name=\"_wpcf7\" value=\"1571\" \/>\n<input type=\"hidden\" name=\"_wpcf7_version\" value=\"5.7.3\" \/>\n<input type=\"hidden\" name=\"_wpcf7_locale\" value=\"en_US\" \/>\n<input type=\"hidden\" name=\"_wpcf7_unit_tag\" value=\"wpcf7-f1571-o1\" \/>\n<input type=\"hidden\" name=\"_wpcf7_container_post\" value=\"0\" \/>\n<input type=\"hidden\" name=\"_wpcf7_posted_data_hash\" value=\"\" \/>\n<input type=\"hidden\" name=\"_wpcf7_recaptcha_response\" value=\"\" \/>\n<\/div>\n<div class=\"f-ligne\">\n\t<p><label class=\"mr-10\"> Last name<span class=\"wpcf7-form-control-wrap\" data-name=\"nom\"><input size=\"40\" class=\"wpcf7-form-control wpcf7-text wpcf7-validates-as-required\" aria-required=\"true\" aria-invalid=\"false\" value=\"\" type=\"text\" name=\"nom\" \/><\/span> <\/label><br \/>\n<label> First name<span class=\"wpcf7-form-control-wrap\" data-name=\"prenom\"><input size=\"40\" class=\"wpcf7-form-control wpcf7-text wpcf7-validates-as-required\" aria-required=\"true\" aria-invalid=\"false\" value=\"\" type=\"text\" name=\"prenom\" \/><\/span> <\/label>\n\t<\/p>\n<\/div>\n<div class=\"f-ligne\">\n\t<p><label class=\"mr-10\"> E-mail<br \/>\n<span class=\"wpcf7-form-control-wrap\" data-name=\"email\"><input size=\"40\" class=\"wpcf7-form-control wpcf7-text wpcf7-email wpcf7-validates-as-required wpcf7-validates-as-email\" aria-required=\"true\" aria-invalid=\"false\" value=\"\" type=\"email\" name=\"email\" \/><\/span> <\/label><br \/>\n<label>Phone number<span class=\"wpcf7-form-control-wrap\" data-name=\"telephone\"><input size=\"40\" class=\"wpcf7-form-control wpcf7-text wpcf7-tel wpcf7-validates-as-required wpcf7-validates-as-tel\" aria-required=\"true\" aria-invalid=\"false\" value=\"\" type=\"tel\" name=\"telephone\" \/><\/span> <\/label>\n\t<\/p>\n<\/div>\n<p><label class=\"w-100\"> Message<br \/>\n<span class=\"wpcf7-form-control-wrap\" data-name=\"message\"><textarea cols=\"40\" rows=\"10\" class=\"wpcf7-form-control wpcf7-textarea\" aria-invalid=\"false\" name=\"message\"><\/textarea><\/span> <\/label>\n<\/p>\n<p><input class=\"wpcf7-form-control has-spinner wpcf7-submit\" id=\"f-submit\" type=\"submit\" value=\"Envoyer\" \/>\n<\/p><div class=\"wpcf7-response-output\" aria-hidden=\"true\"><\/div>\n<\/form>\n<\/div>\n<\/div>\n\t\t\t\t<\/div>\n\t\t\t\t<\/div>\n\t\t\t\t\t<\/div>\n\t\t<\/div>\n\t\t\t\t\t\t\t<\/div>\n\t\t<\/section>\n\t\t\t\t\t<\/div>\n\t\t<\/div>\n\t\t\t\t\t\t\t<\/div>\n\t\t<\/section>\n\t\t\t\t\t\t\t<\/div>\n\t\t","protected":false},"excerpt":{"rendered":"<p>Contact &amp; Access Hotel in H\u00e9rault, in S\u00e8te : Hotel Venezia<\/p>\n","protected":false},"author":1,"featured_media":1228,"parent":0,"menu_order":0,"comment_status":"closed","ping_status":"closed","template":"elementor_header_footer","meta":{"_themeisle_gutenberg_block_has_review":false},"yoast_head":"<!-- This site is optimized with the Yoast SEO plugin v20.0 - https:\/\/yoast.com\/wordpress\/plugins\/seo\/ -->\n<title>Contact &amp; Access - Hotel in S\u00e8te, H\u00e9rault - Hotel Venezia<\/title>\n<meta name=\"description\" content=\"The Hotel Venezia welcomes you to S\u00e8te, in the H\u00e9rault region. Our team is at your disposal for any enquiries or bookings.\" \/>\n<meta name=\"robots\" content=\"index, follow, max-snippet:-1, max-image-preview:large, max-video-preview:-1\" \/>\n<link rel=\"canonical\" href=\"https:\/\/www.hotel-sete.com\/en\/contact-access\/\" \/>\n<meta property=\"og:locale\" content=\"en_US\" \/>\n<meta property=\"og:type\" content=\"article\" \/>\n<meta property=\"og:title\" content=\"Contact &amp; Access - Hotel in S\u00e8te, H\u00e9rault - Hotel Venezia\" \/>\n<meta property=\"og:description\" content=\"The Hotel Venezia welcomes you to S\u00e8te, in the H\u00e9rault region. Our team is at your disposal for any enquiries or bookings.\" \/>\n<meta property=\"og:url\" content=\"https:\/\/www.hotel-sete.com\/en\/contact-access\/\" \/>\n<meta property=\"og:site_name\" content=\"hotel-sete.com\" \/>\n<meta property=\"article:modified_time\" content=\"2025-09-27T08:56:01+00:00\" \/>\n<meta property=\"og:image\" content=\"https:\/\/www.hotel-sete.com\/wp-content\/uploads\/2023\/01\/DSC00653copie.jpg\" \/>\n\t<meta property=\"og:image:width\" content=\"640\" \/>\n\t<meta property=\"og:image:height\" content=\"505\" \/>\n\t<meta property=\"og:image:type\" content=\"image\/jpeg\" \/>\n<meta name=\"twitter:card\" content=\"summary_large_image\" \/>\n<meta name=\"twitter:label1\" content=\"Est. reading time\" \/>\n\t<meta name=\"twitter:data1\" content=\"1 minute\" \/>\n<script type=\"application\/ld+json\" class=\"yoast-schema-graph\">{\"@context\":\"https:\/\/schema.org\",\"@graph\":[{\"@type\":\"WebPage\",\"@id\":\"https:\/\/www.hotel-sete.com\/en\/contact-access\/\",\"url\":\"https:\/\/www.hotel-sete.com\/en\/contact-access\/\",\"name\":\"Contact & Access - Hotel in S\u00e8te, H\u00e9rault - Hotel Venezia\",\"isPartOf\":{\"@id\":\"https:\/\/www.hotel-sete.com\/en\/#website\"},\"datePublished\":\"2023-01-19T13:41:11+00:00\",\"dateModified\":\"2025-09-27T08:56:01+00:00\",\"description\":\"The Hotel Venezia welcomes you to S\u00e8te, in the H\u00e9rault region. Our team is at your disposal for any enquiries or bookings.\",\"breadcrumb\":{\"@id\":\"https:\/\/www.hotel-sete.com\/en\/contact-access\/#breadcrumb\"},\"inLanguage\":\"en-US\",\"potentialAction\":[{\"@type\":\"ReadAction\",\"target\":[\"https:\/\/www.hotel-sete.com\/en\/contact-access\/\"]}]},{\"@type\":\"BreadcrumbList\",\"@id\":\"https:\/\/www.hotel-sete.com\/en\/contact-access\/#breadcrumb\",\"itemListElement\":[{\"@type\":\"ListItem\",\"position\":1,\"name\":\"Accueil\",\"item\":\"https:\/\/www.hotel-sete.com\/en\/\"},{\"@type\":\"ListItem\",\"position\":2,\"name\":\"Contact &amp; Access\"}]},{\"@type\":\"WebSite\",\"@id\":\"https:\/\/www.hotel-sete.com\/en\/#website\",\"url\":\"https:\/\/www.hotel-sete.com\/en\/\",\"name\":\"Hotel Venezia\",\"description\":\"\",\"publisher\":{\"@id\":\"https:\/\/www.hotel-sete.com\/en\/#organization\"},\"potentialAction\":[{\"@type\":\"SearchAction\",\"target\":{\"@type\":\"EntryPoint\",\"urlTemplate\":\"https:\/\/www.hotel-sete.com\/en\/?s={search_term_string}\"},\"query-input\":\"required name=search_term_string\"}],\"inLanguage\":\"en-US\"},{\"@type\":\"Organization\",\"@id\":\"https:\/\/www.hotel-sete.com\/en\/#organization\",\"name\":\"Hotel Venezia - H\u00f4tel \u00e0 S\u00e8te\",\"alternateName\":\"Hotel Venezia - H\u00f4tel \u00e0 S\u00e8te\",\"url\":\"https:\/\/www.hotel-sete.com\/en\/\",\"logo\":{\"@type\":\"ImageObject\",\"inLanguage\":\"en-US\",\"@id\":\"https:\/\/www.hotel-sete.com\/en\/#\/schema\/logo\/image\/\",\"url\":\"https:\/\/www.hotel-sete.com\/wp-content\/uploads\/2023\/01\/favicon-02.png\",\"contentUrl\":\"https:\/\/www.hotel-sete.com\/wp-content\/uploads\/2023\/01\/favicon-02.png\",\"width\":63,\"height\":62,\"caption\":\"Hotel Venezia - H\u00f4tel \u00e0 S\u00e8te\"},\"image\":{\"@id\":\"https:\/\/www.hotel-sete.com\/en\/#\/schema\/logo\/image\/\"}}]}<\/script>\n<!-- \/ Yoast SEO plugin. -->","yoast_head_json":{"title":"Contact & Access - Hotel in S\u00e8te, H\u00e9rault - Hotel Venezia","description":"The Hotel Venezia welcomes you to S\u00e8te, in the H\u00e9rault region. Our team is at your disposal for any enquiries or bookings.","robots":{"index":"index","follow":"follow","max-snippet":"max-snippet:-1","max-image-preview":"max-image-preview:large","max-video-preview":"max-video-preview:-1"},"canonical":"https:\/\/www.hotel-sete.com\/en\/contact-access\/","og_locale":"en_US","og_type":"article","og_title":"Contact & Access - Hotel in S\u00e8te, H\u00e9rault - Hotel Venezia","og_description":"The Hotel Venezia welcomes you to S\u00e8te, in the H\u00e9rault region. Our team is at your disposal for any enquiries or bookings.","og_url":"https:\/\/www.hotel-sete.com\/en\/contact-access\/","og_site_name":"hotel-sete.com","article_modified_time":"2025-09-27T08:56:01+00:00","og_image":[{"width":640,"height":505,"url":"https:\/\/www.hotel-sete.com\/wp-content\/uploads\/2023\/01\/DSC00653copie.jpg","type":"image\/jpeg"}],"twitter_card":"summary_large_image","twitter_misc":{"Est. reading time":"1 minute"},"schema":{"@context":"https:\/\/schema.org","@graph":[{"@type":"WebPage","@id":"https:\/\/www.hotel-sete.com\/en\/contact-access\/","url":"https:\/\/www.hotel-sete.com\/en\/contact-access\/","name":"Contact & Access - Hotel in S\u00e8te, H\u00e9rault - Hotel Venezia","isPartOf":{"@id":"https:\/\/www.hotel-sete.com\/en\/#website"},"datePublished":"2023-01-19T13:41:11+00:00","dateModified":"2025-09-27T08:56:01+00:00","description":"The Hotel Venezia welcomes you to S\u00e8te, in the H\u00e9rault region. Our team is at your disposal for any enquiries or bookings.","breadcrumb":{"@id":"https:\/\/www.hotel-sete.com\/en\/contact-access\/#breadcrumb"},"inLanguage":"en-US","potentialAction":[{"@type":"ReadAction","target":["https:\/\/www.hotel-sete.com\/en\/contact-access\/"]}]},{"@type":"BreadcrumbList","@id":"https:\/\/www.hotel-sete.com\/en\/contact-access\/#breadcrumb","itemListElement":[{"@type":"ListItem","position":1,"name":"Accueil","item":"https:\/\/www.hotel-sete.com\/en\/"},{"@type":"ListItem","position":2,"name":"Contact &amp; Access"}]},{"@type":"WebSite","@id":"https:\/\/www.hotel-sete.com\/en\/#website","url":"https:\/\/www.hotel-sete.com\/en\/","name":"Hotel Venezia","description":"","publisher":{"@id":"https:\/\/www.hotel-sete.com\/en\/#organization"},"potentialAction":[{"@type":"SearchAction","target":{"@type":"EntryPoint","urlTemplate":"https:\/\/www.hotel-sete.com\/en\/?s={search_term_string}"},"query-input":"required name=search_term_string"}],"inLanguage":"en-US"},{"@type":"Organization","@id":"https:\/\/www.hotel-sete.com\/en\/#organization","name":"Hotel Venezia - H\u00f4tel \u00e0 S\u00e8te","alternateName":"Hotel Venezia - H\u00f4tel \u00e0 S\u00e8te","url":"https:\/\/www.hotel-sete.com\/en\/","logo":{"@type":"ImageObject","inLanguage":"en-US","@id":"https:\/\/www.hotel-sete.com\/en\/#\/schema\/logo\/image\/","url":"https:\/\/www.hotel-sete.com\/wp-content\/uploads\/2023\/01\/favicon-02.png","contentUrl":"https:\/\/www.hotel-sete.com\/wp-content\/uploads\/2023\/01\/favicon-02.png","width":63,"height":62,"caption":"Hotel Venezia - H\u00f4tel \u00e0 S\u00e8te"},"image":{"@id":"https:\/\/www.hotel-sete.com\/en\/#\/schema\/logo\/image\/"}}]}},"_links":{"self":[{"href":"https:\/\/www.hotel-sete.com\/en\/wp-json\/wp\/v2\/pages\/1468"}],"collection":[{"href":"https:\/\/www.hotel-sete.com\/en\/wp-json\/wp\/v2\/pages"}],"about":[{"href":"https:\/\/www.hotel-sete.com\/en\/wp-json\/wp\/v2\/types\/page"}],"author":[{"embeddable":true,"href":"https:\/\/www.hotel-sete.com\/en\/wp-json\/wp\/v2\/users\/1"}],"replies":[{"embeddable":true,"href":"https:\/\/www.hotel-sete.com\/en\/wp-json\/wp\/v2\/comments?post=1468"}],"version-history":[{"count":5,"href":"https:\/\/www.hotel-sete.com\/en\/wp-json\/wp\/v2\/pages\/1468\/revisions"}],"predecessor-version":[{"id":2055,"href":"https:\/\/www.hotel-sete.com\/en\/wp-json\/wp\/v2\/pages\/1468\/revisions\/2055"}],"wp:featuredmedia":[{"embeddable":true,"href":"https:\/\/www.hotel-sete.com\/en\/wp-json\/wp\/v2\/media\/1228"}],"wp:attachment":[{"href":"https:\/\/www.hotel-sete.com\/en\/wp-json\/wp\/v2\/media?parent=1468"}],"curies":[{"name":"wp","href":"https:\/\/api.w.org\/{rel}","templated":true}]}}